{"id":2407,"date":"2023-06-09T11:52:41","date_gmt":"2023-06-09T09:52:41","guid":{"rendered":"https:\/\/musee-riquewihr.fr\/informacion-legal\/"},"modified":"2023-06-16T14:55:29","modified_gmt":"2023-06-16T12:55:29","slug":"informacion-legal","status":"publish","type":"page","link":"https:\/\/musee-riquewihr.fr\/es\/informacion-legal\/","title":{"rendered":"Informaci\u00f3n legal"},"content":{"rendered":"<p>[et_pb_section fb_built=\u00bb1&#8243; _builder_version=\u00bb4.21.0&#8243; _module_preset=\u00bbdefault\u00bb global_colors_info=\u00bb{}\u00bb][et_pb_row _builder_version=\u00bb4.21.0&#8243; _module_preset=\u00bbdefault\u00bb width=\u00bb90%\u00bb width_tablet=\u00bb90%\u00bb width_phone=\u00bb90%\u00bb width_last_edited=\u00bbon|desktop\u00bb max_width=\u00bb1450px\u00bb custom_padding=\u00bb||||false|false\u00bb locked=\u00bboff\u00bb global_colors_info=\u00bb{}\u00bb][et_pb_column type=\u00bb4_4&#8243; _builder_version=\u00bb4.21.0&#8243; _module_preset=\u00bbdefault\u00bb global_colors_info=\u00bb{}\u00bb][et_pb_text _builder_version=\u00bb4.21.0&#8243; _module_preset=\u00bbdefault\u00bb text_font_size=\u00bb34px\u00bb text_line_height=\u00bb0.6em\u00bb header_font=\u00bb|||on|||||\u00bb header_text_color=\u00bb#861915&#8243; header_2_font=\u00bb|||on|||||\u00bb header_2_text_color=\u00bb#861915&#8243; header_2_font_size=\u00bb40px\u00bb text_font_size_tablet=\u00bb24px\u00bb text_font_size_phone=\u00bb24px\u00bb text_font_size_last_edited=\u00bbon|phone\u00bb text_line_height_tablet=\u00bb1em\u00bb text_line_height_phone=\u00bb1em\u00bb text_line_height_last_edited=\u00bbon|phone\u00bb header_font_size_tablet=\u00bb\u00bb header_font_size_phone=\u00bb22px\u00bb header_font_size_last_edited=\u00bbon|desktop\u00bb header_2_text_align_tablet=\u00bbcenter\u00bb header_2_text_align_phone=\u00bbcenter\u00bb header_2_text_align_last_edited=\u00bbon|desktop\u00bb header_2_font_size_tablet=\u00bb30px\u00bb header_2_font_size_phone=\u00bb22px\u00bb header_2_font_size_last_edited=\u00bbon|phone\u00bb global_colors_info=\u00bb{}\u00bb]<\/p>\n<h1><img loading=\"lazy\" decoding=\"async\" src=\"https:\/\/musee-riquewihr.fr\/wp-content\/uploads\/2023\/05\/icone-actu-agenda.svg\" width=\"50\" height=\"50\" alt=\"\" class=\"wp-image-218 alignnone size-full\"> <span class=\"titre-section\">Informaci\u00f3n legal<\/span><\/h1>\n<p>[\/et_pb_text][et_pb_text _builder_version=\u00bb4.21.0&#8243; _module_preset=\u00bbdefault\u00bb global_colors_info=\u00bb{}\u00bb]<\/p>\n<h2>1. CR\u00c9DITOS<\/h2>\n<p class=\"p1\">Dise\u00f1o web, gr\u00e1ficos y ergonom\u00eda: <a href=\"https:\/\/neoh.fr\" target=\"_blank\" rel=\"noopener\">NEOH &#8211; Groupe Creative Agency<\/a>.<\/p>\n<h2> <\/h2>\n<h2>2. EDITOR<\/h2>\n<p class=\"p1\">El sitio musee-riquewihr.fr est\u00e1 editado por la SOCIETE D&#8217;HISTOIRE ET D&#8217;ARCHEOLOGIE DE RIQUEWIHR (SHAR).<\/p>\n<p class=\"p1\">Fundada en 1898, la asociaci\u00f3n est\u00e1 inscrita en el Registro de Asociaciones del Tribunal de Instancia de Kaysersberg, Tomo VII Folio 5; se rige por los art\u00edculos 21 a 79 del C\u00f3digo Civil local y por sus estatutos. Su domicilio social est\u00e1 en :<\/p>\n<p class=\"p1\">N\u00b0 1, rue des Remparts &#8211; 68340 RIQUEWIHR Francia<\/p>\n<p class=\"p1\">Direcci\u00f3n de correo electr\u00f3nico: <a href=\"mailto:musee.shar@sfr.fr\">musee.shar@sfr.fr<\/a> &#8211; Tel\u00e9fono: 03 89 58 44 08.<\/p>\n<p class=\"p1\">SIRET 333 343 697 00038 APE 9103Z.<\/p>\n<h2> <\/h2>\n<h2>3. DIRECTOR DE LA PUBLICACI\u00d3N<\/h2>\n<p class=\"p1\">El director de publicaci\u00f3n del sitio musee-riquewihr.fr es NEOH &#8211; Groupe Creative Agency.<\/p>\n<p class=\"p1\">El responsable editorial de la p\u00e1gina web musee-riquewihr.fr es el Sr. Daniel Jung, Presidente del SHAR.<\/p>\n<p class=\"p1\">Texto y fotos: Robert Lehmann.<\/p>\n<h2> <\/h2>\n<h2>4. EMBEDDING<\/h2>\n<p class=\"p1\">El sitio musee-riquewihr.fr est\u00e1 alojado por O2switch, sociedad con capital de 100.000 euros &#8211; RCS Clermont-Ferrand &#8211; SIRET: 510 909 80700024 &#8211; CIF: FR35510909807 &#8211; Domicilio social: 222-224 Boulevard Gustave Flaubert &#8211; 63000 Clermont-Ferrand &#8211; Francia.<\/p>\n<h2> <\/h2>\n<h2>5. PROPIEDAD INTELECTUAL<\/h2>\n<p class=\"p1\">La estructura general del sitio musee-riquewihr.fr, as\u00ed como los textos, grafismos, im\u00e1genes, sonidos y v\u00eddeos que lo componen, son propiedad de la SOCIETE D&#8217;HISTOIRE ET D&#8217;ARCHEOLOGIE DE RIQUEWIHR o de sus socios. Cualquier representaci\u00f3n y\/o reproducci\u00f3n y\/o utilizaci\u00f3n total o parcial de este sitio, por cualquier medio, sin la autorizaci\u00f3n previa y por escrito de la SOCIETE D&#8217;HISTOIRE ET D&#8217;ARCHEOLOGIE DE RIQUEWIHR o de sus socios est\u00e1 estrictamente prohibida y puede constituir una infracci\u00f3n en virtud de los art\u00edculos L 335-2 y siguientes del C\u00f3digo franc\u00e9s de la Propiedad Intelectual.<\/p>\n<h2> <\/h2>\n<h2>6. LEY DE PROTECCI\u00d3N DE DATOS<\/h2>\n<p class=\"p1\">Su direcci\u00f3n de correo electr\u00f3nico podr\u00e1 ser conservada por la SOCIETE D&#8217;HISTOIRE ET D&#8217;ARCHEOLOGIE DE RIQUEWIHR con el \u00fanico fin de informarle o responder a sus mensajes. Puede solicitar su baja de nuestra lista de correo en cualquier momento. No se recoge ninguna informaci\u00f3n personal sin su conocimiento. No se transmite ninguna informaci\u00f3n personal a terceros. Le recordamos que dispone de un derecho de acceso, modificaci\u00f3n, rectificaci\u00f3n y supresi\u00f3n de los datos que le conciernen (ley n\u00b078-17 de 6 de enero de 1978 modificada por la ley n\u00b02004-575 de 21 de junio de 2004).<\/p>\n<p class=\"p1\">Los derechos de cada Usuario mencionados anteriormente podr\u00e1n ejercerse escribiendo a SOCI\u00c9T\u00c9 D&#8217;HISTOIRE ET D&#8217;ARCH\u00c9OLOGIE DE RIQUEWIHR &#8211; 1 rue des Remparts &#8211; 68340 RIQUEWIHR o a la siguiente direcci\u00f3n: <a href=\"mailto:musee.shar@sfr.fr\">musee.shar@sfr.fr.<\/a><\/p>\n<h2> <\/h2>\n<h2>7. RESPONSABILIDADES<\/h2>\n<p class=\"p1\">Este sitio se esfuerza por ofrecer informaci\u00f3n fiable y actualizada. A pesar de nuestra vigilancia, es posible que se hayan deslizado errores en nuestras p\u00e1ginas. Rogamos disculpen las molestias ocasionadas: no nos hacemos responsables del uso que se haga de esta informaci\u00f3n ni de los da\u00f1os directos o indirectos que puedan derivarse de ella.<\/p>\n<p class=\"p1\">Las fotos y todas las fuentes visuales de este sitio no son contractuales, como tampoco lo son los precios mencionados. La disponibilidad de los servicios y ofertas presentados no puede garantizarse por su mera presencia en el sitio.<\/p>\n<p class=\"p1\">Cualquier enlace de hipertexto a otros sitios web u otras fuentes de Internet est\u00e1 sujeto a la autorizaci\u00f3n escrita de la SOCIETE D&#8217;HISTOIRE ET D&#8217;ARCHEOLOGIE DE RIQUEWIHR y a su exclusiva verificaci\u00f3n.<\/p>\n<p class=\"p1\">La SOCIETE D&#8217;HISTOIRE ET D&#8217;ARCHEOLOGIE DE RIQUEWIHR no se hace responsable de la disponibilidad de los recursos internos y externos, y no puede aceptar ninguna responsabilidad por el contenido, publicidad, productos, servicios o cualquier otro material disponible en o desde estos sitios web o fuentes internas y externas.<\/p>\n<p class=\"p1\">Del mismo modo y dentro de los l\u00edmites autorizados por la ley, la SOCIETE D&#8217;HISTOIRE ET D&#8217;ARCHEOLOGIE DE RIQUEWIHR no podr\u00e1 ser considerada responsable en caso de que el contenido de dichos otros sitios web contravenga las disposiciones legales y reglamentarias vigentes.<\/p>\n<p class=\"p1\">La SOCIETE D&#8217;HISTOIRE ET D&#8217;ARCHEOLOGIE DE RIQUEWIHR toma todas las precauciones para que el contenido del sitio musee-riquewihr.fr no sea contrario al orden p\u00fablico y a las buenas costumbres. No obstante, la SOCIETE D&#8217;HISTOIRE ET D&#8217;ARCHEOLOGIE DE RIQUEWIHR no se hace responsable de las ideas o im\u00e1genes que puedan ofender a determinadas personas especialmente sensibles.<\/p>\n<p class=\"p1\">Del mismo modo, la SOCIETE D&#8217;HISTOIRE ET D&#8217;ARCHEOLOGIE DE RIQUEWIHR no podr\u00e1 ser considerada responsable en caso de contaminaci\u00f3n de los equipos inform\u00e1ticos de los internautas resultante de la propagaci\u00f3n de un virus u otra infecci\u00f3n inform\u00e1tica.<\/p>\n<p class=\"p1\">Como usuario del sitio web, es su responsabilidad tomar todas las medidas apropiadas para proteger sus propios datos y\/o software de la contaminaci\u00f3n por cualquier virus que circule por Internet.<\/p>\n<p class=\"p1\">Si tiene alg\u00fan comentario sobre un posible mal funcionamiento del sitio, p\u00f3ngase en contacto con nosotros lo antes posible para que podamos hacer los cambios necesarios.<\/p>\n<p>[\/et_pb_text][et_pb_button button_url=\u00bb\/es\/\u00bb button_text=\u00bbVolver a la p\u00e1gina de inicio\u00bb button_alignment=\u00bbcenter\u00bb _builder_version=\u00bb4.21.0&#8243; _module_preset=\u00bbdefault\u00bb custom_button=\u00bbon\u00bb button_text_size=\u00bb22px\u00bb button_text_color=\u00bb#861915&#8243; button_bg_color=\u00bb#FFFFFF\u00bb button_border_width=\u00bb0px\u00bb button_border_radius=\u00bb30px\u00bb button_font=\u00bbAeonisLTPro Medium|600||on|||||\u00bb button_icon=\u00bb&#x24;||divi||400&#8243; button_icon_color=\u00bb#861915&#8243; custom_padding=\u00bb|2%||2%|false|true\u00bb box_shadow_style=\u00bbpreset3&#8243; box_shadow_vertical=\u00bb9px\u00bb global_colors_info=\u00bb{}\u00bb][\/et_pb_button][\/et_pb_column][\/et_pb_row][\/et_pb_section]<\/p>\n","protected":false},"excerpt":{"rendered":"<p>Informaci\u00f3n legal1. CR\u00c9DITOS Dise\u00f1o web, gr\u00e1ficos y ergonom\u00eda: NEOH &#8211; Groupe Creative Agency. 2. EDITOR El sitio musee-riquewihr.fr est\u00e1 editado por la SOCIETE D&#8217;HISTOIRE ET D&#8217;ARCHEOLOGIE DE RIQUEWIHR (SHAR). Fundada en 1898, la asociaci\u00f3n est\u00e1 inscrita en el Registro de Asociaciones del Tribunal de Instancia de Kaysersberg, Tomo VII Folio 5; se rige por los art\u00edculos 21 a 79 del C\u00f3digo Civil local y por sus estatutos. Su domicilio social est\u00e1 en : N\u00b0 1, rue des Remparts &#8211; 68340 RIQUEWIHR Francia Direcci\u00f3n de correo electr\u00f3nico: musee.shar@sfr.fr &#8211; Tel\u00e9fono: 03 89 58 44 08. SIRET 333 343 697 00038 APE 9103Z. 3. DIRECTOR DE LA PUBLICACI\u00d3N El director de publicaci\u00f3n del sitio musee-riquewihr.fr es NEOH &#8211; Groupe Creative Agency. El responsable editorial de la p\u00e1gina web musee-riquewihr.fr es el Sr. Daniel Jung, Presidente del SHAR. Texto y fotos: Robert Lehmann. 4. EMBEDDING El sitio musee-riquewihr.fr est\u00e1 alojado por O2switch, sociedad con capital de 100.000 euros &#8211; RCS Clermont-Ferrand &#8211; SIRET: 510 909 80700024 &#8211; CIF: FR35510909807 &#8211; Domicilio social: 222-224 Boulevard Gustave Flaubert &#8211; 63000 Clermont-Ferrand &#8211; Francia. 5. PROPIEDAD INTELECTUAL La estructura general del sitio musee-riquewihr.fr, as\u00ed como los textos, grafismos, im\u00e1genes, sonidos y v\u00eddeos que lo componen, son [&hellip;]<\/p>\n","protected":false},"author":2,"featured_media":0,"parent":0,"menu_order":0,"comment_status":"closed","ping_status":"closed","template":"","meta":{"_seopress_robots_primary_cat":"","_seopress_titles_title":"","_seopress_titles_desc":"","_seopress_robots_index":"","_et_pb_use_builder":"on","_et_pb_old_content":"","_et_gb_content_width":"","footnotes":""},"class_list":["post-2407","page","type-page","status-publish","hentry"],"_links":{"self":[{"href":"https:\/\/musee-riquewihr.fr\/es\/wp-json\/wp\/v2\/pages\/2407","targetHints":{"allow":["GET"]}}],"collection":[{"href":"https:\/\/musee-riquewihr.fr\/es\/wp-json\/wp\/v2\/pages"}],"about":[{"href":"https:\/\/musee-riquewihr.fr\/es\/wp-json\/wp\/v2\/types\/page"}],"author":[{"embeddable":true,"href":"https:\/\/musee-riquewihr.fr\/es\/wp-json\/wp\/v2\/users\/2"}],"replies":[{"embeddable":true,"href":"https:\/\/musee-riquewihr.fr\/es\/wp-json\/wp\/v2\/comments?post=2407"}],"version-history":[{"count":4,"href":"https:\/\/musee-riquewihr.fr\/es\/wp-json\/wp\/v2\/pages\/2407\/revisions"}],"predecessor-version":[{"id":2827,"href":"https:\/\/musee-riquewihr.fr\/es\/wp-json\/wp\/v2\/pages\/2407\/revisions\/2827"}],"wp:attachment":[{"href":"https:\/\/musee-riquewihr.fr\/es\/wp-json\/wp\/v2\/media?parent=2407"}],"curies":[{"name":"wp","href":"https:\/\/api.w.org\/{rel}","templated":true}]}}