{"id":2423,"date":"2023-06-09T11:52:41","date_gmt":"2023-06-09T09:52:41","guid":{"rendered":"https:\/\/musee-riquewihr.fr\/informazioni-legali\/"},"modified":"2023-06-16T14:59:19","modified_gmt":"2023-06-16T12:59:19","slug":"informazioni-legali","status":"publish","type":"page","link":"https:\/\/musee-riquewihr.fr\/it\/informazioni-legali\/","title":{"rendered":"Informazioni legali"},"content":{"rendered":"<p>[et_pb_section fb_built=&#8221;1&#8243; _builder_version=&#8221;4.21.0&#8243; _module_preset=&#8221;default&#8221; global_colors_info=&#8221;{}&#8221;][et_pb_row _builder_version=&#8221;4.21.0&#8243; _module_preset=&#8221;default&#8221; width=&#8221;90%&#8221; width_tablet=&#8221;90%&#8221; width_phone=&#8221;90%&#8221; width_last_edited=&#8221;on|desktop&#8221; max_width=&#8221;1450px&#8221; custom_padding=&#8221;||||false|false&#8221; locked=&#8221;off&#8221; global_colors_info=&#8221;{}&#8221;][et_pb_column type=&#8221;4_4&#8243; _builder_version=&#8221;4.21.0&#8243; _module_preset=&#8221;default&#8221; global_colors_info=&#8221;{}&#8221;][et_pb_text _builder_version=&#8221;4.21.0&#8243; _module_preset=&#8221;default&#8221; text_font_size=&#8221;34px&#8221; text_line_height=&#8221;0.6em&#8221; header_font=&#8221;|||on|||||&#8221; header_text_color=&#8221;#861915&#8243; header_2_font=&#8221;|||on|||||&#8221; header_2_text_color=&#8221;#861915&#8243; header_2_font_size=&#8221;40px&#8221; text_font_size_tablet=&#8221;24px&#8221; text_font_size_phone=&#8221;24px&#8221; text_font_size_last_edited=&#8221;on|phone&#8221; text_line_height_tablet=&#8221;1em&#8221; text_line_height_phone=&#8221;1em&#8221; text_line_height_last_edited=&#8221;on|phone&#8221; header_font_size_tablet=&#8221;&#8221; header_font_size_phone=&#8221;22px&#8221; header_font_size_last_edited=&#8221;on|desktop&#8221; header_2_text_align_tablet=&#8221;center&#8221; header_2_text_align_phone=&#8221;center&#8221; header_2_text_align_last_edited=&#8221;on|desktop&#8221; header_2_font_size_tablet=&#8221;30px&#8221; header_2_font_size_phone=&#8221;22px&#8221; header_2_font_size_last_edited=&#8221;on|phone&#8221; global_colors_info=&#8221;{}&#8221;]<\/p>\n<h1><img loading=\"lazy\" decoding=\"async\" src=\"https:\/\/musee-riquewihr.fr\/wp-content\/uploads\/2023\/05\/icone-actu-agenda.svg\" width=\"50\" height=\"50\" alt=\"\" class=\"wp-image-218 alignnone size-full\"> <span class=\"titre-section\">Informazioni legali<\/span><\/h1>\n<p>[\/et_pb_text][et_pb_text _builder_version=&#8221;4.21.0&#8243; _module_preset=&#8221;default&#8221; global_colors_info=&#8221;{}&#8221;]<\/p>\n<h2>1. I CREDITI<\/h2>\n<p class=\"p1\">Progettazione del sito web, grafica ed ergonomia: <a href=\"https:\/\/neoh.fr\" target=\"_blank\" rel=\"noopener\">NEOH &#8211; Groupe Creative Agency<\/a>.<\/p>\n<h2> <\/h2>\n<h2>2. EDITORE<\/h2>\n<p class=\"p1\">Il sito musee-riquewihr.fr \u00e8 pubblicato dalla SOCIETE D&#8217;HISTOIRE ET D&#8217;ARCHEOLOGIE DE RIQUEWIHR (SHAR).<\/p>\n<p class=\"p1\">Fondata nel 1898, l&#8217;associazione \u00e8 iscritta al Registre des Associations del Tribunal d&#8217;Instance de Kaysersberg, Volume VII Folio 5; \u00e8 disciplinata dagli articoli da 21 a 79 del Codice Civile locale e dal suo statuto. La sede legale \u00e8 a :<\/p>\n<p class=\"p1\">N\u00b0 1, rue des Remparts &#8211; 68340 RIQUEWIHR Francia<\/p>\n<p class=\"p1\">Indirizzo e-mail: <a href=\"mailto:musee.shar@sfr.fr\">musee.shar@sfr.fr<\/a> &#8211; Telefono: 03 89 58 44 08.<\/p>\n<p class=\"p1\">SIRET 333 343 697 00038 APE 9103Z.<\/p>\n<h2> <\/h2>\n<h2>3. DIRETTORE DELLA PUBBLICAZIONE<\/h2>\n<p class=\"p1\">Il direttore editoriale del sito musee-riquewihr.fr \u00e8 NEOH &#8211; Groupe Creative Agency.<\/p>\n<p class=\"p1\">Il responsabile editoriale del sito musee-riquewihr.fr \u00e8 Daniel Jung, presidente della SHAR.<\/p>\n<p class=\"p1\">Testo e foto: Robert Lehmann.<\/p>\n<h2> <\/h2>\n<h2>4. EMBEDDING<\/h2>\n<p class=\"p1\">Il sito musee-riquewihr.fr \u00e8 ospitato da O2switch, societ\u00e0 con capitale di 100.000 euro &#8211; RCS Clermont-Ferrand &#8211; SIRET: 510 909 80700024 &#8211; Partita IVA: FR35510909807 &#8211; Sede legale: 222-224 Boulevard Gustave Flaubert &#8211; 63000 Clermont-Ferrand &#8211; Francia.<\/p>\n<h2> <\/h2>\n<h2>5. PROPRIET\u00c0 INTELLETTUALE<\/h2>\n<p class=\"p1\">La struttura generale del sito musee-riquewihr.fr, cos\u00ec come i testi, la grafica, le immagini, i suoni e i video che lo compongono, sono di propriet\u00e0 della SOCIETE D&#8217;HISTOIRE ET D&#8217;ARCHEOLOGIE DE RIQUEWIHR o dei suoi partner. Qualsiasi rappresentazione e\/o riproduzione e\/o utilizzo di tutto o parte di questo sito, con qualsiasi mezzo, senza la preventiva autorizzazione scritta della SOCIETE D&#8217;HISTOIRE ET D&#8217;ARCHEOLOGIE DE RIQUEWIHR o dei suoi partner \u00e8 severamente vietata e pu\u00f2 costituire una violazione ai sensi degli articoli L 335-2 e seguenti del Codice della propriet\u00e0 intellettuale francese.<\/p>\n<h2> <\/h2>\n<h2>6. LEGGE SULLA PROTEZIONE DEI DATI<\/h2>\n<p class=\"p1\">Il vostro indirizzo e-mail potr\u00e0 essere conservato dalla SOCIETE D&#8217;HISTOIRE ET D&#8217;ARCHEOLOGIE DE RIQUEWIHR al solo scopo di informarvi o rispondere ai vostri messaggi. L&#8217;utente pu\u00f2 chiedere di essere rimosso dall&#8217;elenco in qualsiasi momento. Nessuna informazione personale viene raccolta senza che l&#8217;utente ne sia a conoscenza. Nessuna informazione personale viene trasmessa a terzi. Vi ricordiamo che avete il diritto di accesso, modifica, rettifica e cancellazione dei dati che vi riguardano (legge n\u00b078-17 del 6 gennaio 1978 modificata dalla legge n\u00b02004-575 del 21 giugno 2004).<\/p>\n<p class=\"p1\">I diritti di ciascun Utente di cui sopra possono essere esercitati scrivendo a SOCI\u00c9T\u00c9 D&#8217;HISTOIRE ET D&#8217;ARCH\u00c9OLOGIE DE RIQUEWIHR &#8211; 1 rue des Remparts &#8211; 68340 RIQUEWIHR o al seguente indirizzo: <a href=\"mailto:musee.shar@sfr.fr\">musee.shar@sfr.fr.<\/a><\/p>\n<h2> <\/h2>\n<h2>7. RESPONSABILIT\u00c0<\/h2>\n<p class=\"p1\">Questo sito si impegna a fornire informazioni affidabili e aggiornate. Nonostante la nostra vigilanza, \u00e8 possibile che nelle nostre pagine si siano insinuati degli errori. Ci scusiamo per gli inconvenienti causati: non possiamo essere ritenuti responsabili per l&#8217;uso di queste informazioni o per i danni diretti o indiretti che ne possono derivare.<\/p>\n<p class=\"p1\">Le foto e tutte le fonti visive presenti su questo sito non sono contrattuali, cos\u00ec come i prezzi indicati. La disponibilit\u00e0 dei servizi e delle offerte presentate non pu\u00f2 essere garantita dalla loro semplice presenza sul sito.<\/p>\n<p class=\"p1\">Qualsiasi collegamento ipertestuale ad altri siti o ad altre fonti Internet \u00e8 soggetto all&#8217;autorizzazione scritta della SOCIETE D&#8217;HISTOIRE ET D&#8217;ARCHEOLOGIE DE RIQUEWIHR e alla sua esclusiva verifica.<\/p>\n<p class=\"p1\">La SOCIETE D&#8217;HISTOIRE ET D&#8217;ARCHEOLOGIE DE RIQUEWIHR non pu\u00f2 essere ritenuta responsabile della disponibilit\u00e0 di risorse interne ed esterne e non pu\u00f2 accettare alcuna responsabilit\u00e0 per il contenuto, la pubblicit\u00e0, i prodotti, i servizi o qualsiasi altro materiale disponibile su o da questi siti web o fonti interne ed esterne.<\/p>\n<p class=\"p1\">Allo stesso modo e nei limiti autorizzati dalla legge, la SOCIETE D&#8217;HISTOIRE ET D&#8217;ARCHEOLOGIE DE RIQUEWIHR non pu\u00f2 essere ritenuta responsabile nel caso in cui il contenuto di questi altri siti web contravvenga alle disposizioni legali e regolamentari in vigore.<\/p>\n<p class=\"p1\">La SOCIETE D&#8217;HISTOIRE ET D&#8217;ARCHEOLOGIE DE RIQUEWIHR prende tutte le precauzioni necessarie per garantire che il contenuto del sito musee-riquewihr.fr non sia contrario all&#8217;ordine pubblico e al buon costume. Tuttavia, la SOCIETE D&#8217;HISTOIRE ET D&#8217;ARCHEOLOGIE DE RIQUEWIHR non pu\u00f2 essere ritenuta responsabile di idee o immagini che possano offendere persone particolarmente sensibili.<\/p>\n<p class=\"p1\">Allo stesso modo, la SOCIETE D&#8217;HISTOIRE ET D&#8217;ARCHEOLOGIE DE RIQUEWIHR non pu\u00f2 essere ritenuta responsabile in caso di contaminazione delle apparecchiature informatiche degli utenti di Internet dovuta alla propagazione di un virus o di un&#8217;altra infezione informatica.<\/p>\n<p class=\"p1\">In qualit\u00e0 di utenti del sito web, \u00e8 vostra responsabilit\u00e0 adottare tutte le misure appropriate per proteggere i vostri dati e\/o software dalla contaminazione di eventuali virus in circolazione su Internet.<\/p>\n<p class=\"p1\">Se avete commenti su eventuali problemi con il sito, vi preghiamo di contattarci il prima possibile in modo da poter apportare le modifiche necessarie.<\/p>\n<p>[\/et_pb_text][et_pb_button button_url=&#8221;\/it\/&#8221; button_text=&#8221;Torna alla pagina iniziale&#8221; button_alignment=&#8221;center&#8221; _builder_version=&#8221;4.21.0&#8243; _module_preset=&#8221;default&#8221; custom_button=&#8221;on&#8221; button_text_size=&#8221;22px&#8221; button_text_color=&#8221;#861915&#8243; button_bg_color=&#8221;#FFFFFF&#8221; button_border_width=&#8221;0px&#8221; button_border_radius=&#8221;30px&#8221; button_font=&#8221;AeonisLTPro Medium|600||on|||||&#8221; button_icon=&#8221;&#x24;||divi||400&#8243; button_icon_color=&#8221;#861915&#8243; custom_padding=&#8221;|2%||2%|false|true&#8221; box_shadow_style=&#8221;preset3&#8243; box_shadow_vertical=&#8221;9px&#8221; global_colors_info=&#8221;{}&#8221;][\/et_pb_button][\/et_pb_column][\/et_pb_row][\/et_pb_section]<\/p>\n","protected":false},"excerpt":{"rendered":"<p>Informazioni legali1. I CREDITI Progettazione del sito web, grafica ed ergonomia: NEOH &#8211; Groupe Creative Agency. 2. EDITORE Il sito musee-riquewihr.fr \u00e8 pubblicato dalla SOCIETE D&#8217;HISTOIRE ET D&#8217;ARCHEOLOGIE DE RIQUEWIHR (SHAR). Fondata nel 1898, l&#8217;associazione \u00e8 iscritta al Registre des Associations del Tribunal d&#8217;Instance de Kaysersberg, Volume VII Folio 5; \u00e8 disciplinata dagli articoli da 21 a 79 del Codice Civile locale e dal suo statuto. La sede legale \u00e8 a : N\u00b0 1, rue des Remparts &#8211; 68340 RIQUEWIHR Francia Indirizzo e-mail: musee.shar@sfr.fr &#8211; Telefono: 03 89 58 44 08. SIRET 333 343 697 00038 APE 9103Z. 3. DIRETTORE DELLA PUBBLICAZIONE Il direttore editoriale del sito musee-riquewihr.fr \u00e8 NEOH &#8211; Groupe Creative Agency. Il responsabile editoriale del sito musee-riquewihr.fr \u00e8 Daniel Jung, presidente della SHAR. Testo e foto: Robert Lehmann. 4. EMBEDDING Il sito musee-riquewihr.fr \u00e8 ospitato da O2switch, societ\u00e0 con capitale di 100.000 euro &#8211; RCS Clermont-Ferrand &#8211; SIRET: 510 909 80700024 &#8211; Partita IVA: FR35510909807 &#8211; Sede legale: 222-224 Boulevard Gustave Flaubert &#8211; 63000 Clermont-Ferrand &#8211; Francia. 5. PROPRIET\u00c0 INTELLETTUALE La struttura generale del sito musee-riquewihr.fr, cos\u00ec come i testi, la grafica, le immagini, i suoni e i video che lo compongono, sono di propriet\u00e0 della SOCIETE [&hellip;]<\/p>\n","protected":false},"author":2,"featured_media":0,"parent":0,"menu_order":0,"comment_status":"closed","ping_status":"closed","template":"","meta":{"_seopress_robots_primary_cat":"","_seopress_titles_title":"","_seopress_titles_desc":"","_seopress_robots_index":"","_et_pb_use_builder":"on","_et_pb_old_content":"","_et_gb_content_width":"","footnotes":""},"class_list":["post-2423","page","type-page","status-publish","hentry"],"_links":{"self":[{"href":"https:\/\/musee-riquewihr.fr\/it\/wp-json\/wp\/v2\/pages\/2423","targetHints":{"allow":["GET"]}}],"collection":[{"href":"https:\/\/musee-riquewihr.fr\/it\/wp-json\/wp\/v2\/pages"}],"about":[{"href":"https:\/\/musee-riquewihr.fr\/it\/wp-json\/wp\/v2\/types\/page"}],"author":[{"embeddable":true,"href":"https:\/\/musee-riquewihr.fr\/it\/wp-json\/wp\/v2\/users\/2"}],"replies":[{"embeddable":true,"href":"https:\/\/musee-riquewihr.fr\/it\/wp-json\/wp\/v2\/comments?post=2423"}],"version-history":[{"count":4,"href":"https:\/\/musee-riquewihr.fr\/it\/wp-json\/wp\/v2\/pages\/2423\/revisions"}],"predecessor-version":[{"id":2854,"href":"https:\/\/musee-riquewihr.fr\/it\/wp-json\/wp\/v2\/pages\/2423\/revisions\/2854"}],"wp:attachment":[{"href":"https:\/\/musee-riquewihr.fr\/it\/wp-json\/wp\/v2\/media?parent=2423"}],"curies":[{"name":"wp","href":"https:\/\/api.w.org\/{rel}","templated":true}]}}